{"id":631,"date":"2023-05-31T09:20:49","date_gmt":"2023-05-31T07:20:49","guid":{"rendered":"https:\/\/balkanmost.hu\/?page_id=631"},"modified":"2023-06-06T10:24:00","modified_gmt":"2023-06-06T08:24:00","slug":"konferencia","status":"publish","type":"page","link":"https:\/\/balkanmost.hu\/hu\/konferencia\/","title":{"rendered":"Konferencia"},"content":{"rendered":"<h2>A konferenci\u00e1r\u00f3l<\/h2>\n<p>A BALKAN:MOST konferencia egyed\u00fcl\u00e1ll\u00f3 szakmai esem\u00e9ny, ami hidat \u00e9p\u00edt a r\u00e9gi\u00f3 felfedezetlen zenei kincsei \u00e9s az eur\u00f3pai piac k\u00f6z\u00f6tt. A nemzetk\u00f6zi szc\u00e9na jeles k\u00e9pvisel\u0151i, t\u00f6bb mint 200 megh\u00edvott vend\u00e9g, \u00e1ramvonalas szakmai program \u00e9s rengeteg kapcsol\u00f3d\u00e1si lehet\u0151s\u00e9g t\u00f6lti ki a 3 mozgalmas napot, amit este a showcase koncertek koron\u00e1znak. A m\u0171v\u00e9szek ig\u00e9nyeihez illeszked\u0151 workshopok, a zeneipar horizontj\u00e1t t\u00e1g\u00edt\u00f3 panelbesz\u00e9lget\u00e9sek, \u00e9s oldott alkalmak a kapcsolat\u00e9p\u00edt\u00e9sre teszik kihagyhatatlann\u00e1 az els\u0151 ilyen l\u00e9pt\u00e9k\u0171 konferenci\u00e1t, ami a Balk\u00e1n zeneipar\u00e1t c\u00e9lozza.<\/p>\n<p><img loading=\"lazy\" decoding=\"async\" class=\"alignnone wp-image-507 size-large\" src=\"https:\/\/balkanmost.hu\/wp-content\/uploads\/2023\/05\/230414_BudapestRitmo_Konferencia_031_c_Hrotko_Balint_Mupa-1024x683.jpg\" alt=\"\" width=\"1024\" height=\"683\" srcset=\"https:\/\/balkanmost.hu\/wp-content\/uploads\/2023\/05\/230414_BudapestRitmo_Konferencia_031_c_Hrotko_Balint_Mupa-1024x683.jpg 1024w, https:\/\/balkanmost.hu\/wp-content\/uploads\/2023\/05\/230414_BudapestRitmo_Konferencia_031_c_Hrotko_Balint_Mupa-300x200.jpg 300w, https:\/\/balkanmost.hu\/wp-content\/uploads\/2023\/05\/230414_BudapestRitmo_Konferencia_031_c_Hrotko_Balint_Mupa-768x512.jpg 768w, https:\/\/balkanmost.hu\/wp-content\/uploads\/2023\/05\/230414_BudapestRitmo_Konferencia_031_c_Hrotko_Balint_Mupa.jpg 1500w\" sizes=\"auto, (max-width: 1024px) 100vw, 1024px\" \/><\/p>\n<p>Sz\u00f3 lesz a Balk\u00e1nt \u00f6vez\u0151 sztereot\u00edpi\u00e1kr\u00f3l, a r\u00e9gi\u00f3 tehets\u00e9g\u00e9nek kit\u00f6r\u00e9si pontjair\u00f3l, az exportirod\u00e1k j\u00f6v\u0151j\u00e9r\u0151l \u00e9s mag\u00e1r\u00f3l a zen\u00e9r\u0151l. A n\u00e9gy\u00e9ves MOST projekt z\u00e1r\u00f3akkordjak\u00e9nt rendezett konferencia amellett, hogy \u00f6sszefogja a szint\u00e9n \u00fatt\u00f6r\u0151 projekt eredm\u00e9nyeit, tov\u00e1bbi lehet\u0151s\u00e9geket biztos\u00edt a felfedez\u00e9sre, kapcsolat\u00e9p\u00edt\u00e9sre, \u00faj egy\u00fcttm\u0171k\u00f6d\u00e9sek sz\u00fclet\u00e9s\u00e9re.<\/p>\n","protected":false},"excerpt":{"rendered":"<p>A konferenci\u00e1r\u00f3l A BALKAN:MOST konferencia egyed\u00fcl\u00e1ll\u00f3 szakmai esem\u00e9ny, ami hidat \u00e9p\u00edt a r\u00e9gi\u00f3 felfedezetlen zenei kincsei \u00e9s az eur\u00f3pai piac k\u00f6z\u00f6tt. A nemzetk\u00f6zi szc\u00e9na jeles k\u00e9pvisel\u0151i, t\u00f6bb mint 200 megh\u00edvott vend\u00e9g, \u00e1ramvonalas szakmai program \u00e9s rengeteg kapcsol\u00f3d\u00e1si lehet\u0151s\u00e9g t\u00f6lti ki a 3 mozgalmas napot, amit este a showcase koncertek koron\u00e1znak. A m\u0171v\u00e9szek ig\u00e9nyeihez illeszked\u0151 workshopok, [&hellip;]<\/p>\n","protected":false},"author":1,"featured_media":511,"parent":0,"menu_order":0,"comment_status":"closed","ping_status":"closed","template":"page-conference.php","meta":{"_acf_changed":false,"ngg_post_thumbnail":0,"footnotes":""},"class_list":["post-631","page","type-page","status-publish","has-post-thumbnail","hentry"],"acf":[],"_links":{"self":[{"href":"https:\/\/balkanmost.hu\/hu\/wp-json\/wp\/v2\/pages\/631","targetHints":{"allow":["GET"]}}],"collection":[{"href":"https:\/\/balkanmost.hu\/hu\/wp-json\/wp\/v2\/pages"}],"about":[{"href":"https:\/\/balkanmost.hu\/hu\/wp-json\/wp\/v2\/types\/page"}],"author":[{"embeddable":true,"href":"https:\/\/balkanmost.hu\/hu\/wp-json\/wp\/v2\/users\/1"}],"replies":[{"embeddable":true,"href":"https:\/\/balkanmost.hu\/hu\/wp-json\/wp\/v2\/comments?post=631"}],"version-history":[{"count":5,"href":"https:\/\/balkanmost.hu\/hu\/wp-json\/wp\/v2\/pages\/631\/revisions"}],"predecessor-version":[{"id":670,"href":"https:\/\/balkanmost.hu\/hu\/wp-json\/wp\/v2\/pages\/631\/revisions\/670"}],"wp:featuredmedia":[{"embeddable":true,"href":"https:\/\/balkanmost.hu\/hu\/wp-json\/wp\/v2\/media\/511"}],"wp:attachment":[{"href":"https:\/\/balkanmost.hu\/hu\/wp-json\/wp\/v2\/media?parent=631"}],"curies":[{"name":"wp","href":"https:\/\/api.w.org\/{rel}","templated":true}]}}